{"id":12,"date":"2021-04-16T14:14:00","date_gmt":"2021-04-16T12:14:00","guid":{"rendered":"https:\/\/www.fullstory-media.com\/?page_id=12"},"modified":"2022-10-13T09:18:16","modified_gmt":"2022-10-13T07:18:16","slug":"hem","status":"publish","type":"page","link":"https:\/\/www.fullstory-media.com\/sv\/","title":{"rendered":"Full Story Media"},"content":{"rendered":"[et_pb_section fb_built=&#8221;1&#8243; module_class=&#8221;header&#8221; _builder_version=&#8221;4.16&#8243; _module_preset=&#8221;default&#8221; global_colors_info=&#8221;{}&#8221;][et_pb_row module_class=&#8221;lang-select-container&#8221; _builder_version=&#8221;4.16&#8243; _module_preset=&#8221;default&#8221; global_colors_info=&#8221;{}&#8221;][et_pb_column type=&#8221;4_4&#8243; _builder_version=&#8221;4.16&#8243; _module_preset=&#8221;default&#8221; global_colors_info=&#8221;{}&#8221;][et_pb_text _builder_version=&#8221;4.16&#8243; _module_preset=&#8221;default&#8221; text_orientation=&#8221;center&#8221; global_colors_info=&#8221;{}&#8221;]\n<p><a class=\"lang-select\" href=\"\/sv\">SWE<\/a> | <a class=\"lang-select\" href=\"\/\">ENG<\/a><\/p>\n[\/et_pb_text][et_pb_image src=&#8221;https:\/\/www.fullstory-media.com\/wp-content\/uploads\/2021\/05\/logo-web-1.png&#8221; title_text=&#8221;logo-web&#8221; align=&#8221;center&#8221; _builder_version=&#8221;4.16&#8243; _module_preset=&#8221;default&#8221; custom_margin=&#8221;||0px||false|false&#8221; custom_padding=&#8221;||0px||false|false&#8221; global_colors_info=&#8221;{}&#8221;][\/et_pb_image][\/et_pb_column][\/et_pb_row][\/et_pb_section][et_pb_section fb_built=&#8221;1&#8243; module_class=&#8221;content&#8221; _builder_version=&#8221;4.16&#8243; _module_preset=&#8221;default&#8221; custom_margin=&#8221;0px||||false|false&#8221; custom_padding=&#8221;0px|||||&#8221; locked=&#8221;off&#8221; global_colors_info=&#8221;{}&#8221;][et_pb_row use_custom_gutter=&#8221;on&#8221; make_equal=&#8221;on&#8221; module_class=&#8221;front-inner&#8221; _builder_version=&#8221;4.18.0&#8243; _module_preset=&#8221;default&#8221; width=&#8221;40%&#8221; module_alignment=&#8221;center&#8221; custom_margin=&#8221;50px||||false|false&#8221; custom_padding=&#8221;0px||||false|false&#8221; locked=&#8221;off&#8221; global_colors_info=&#8221;{}&#8221;][et_pb_column type=&#8221;4_4&#8243; module_class=&#8221;vertical-flex&#8221; _builder_version=&#8221;4.16&#8243; _module_preset=&#8221;default&#8221; global_colors_info=&#8221;{}&#8221;][et_pb_code _builder_version=&#8221;4.18.0&#8243; _module_preset=&#8221;default&#8221; text_orientation=&#8221;center&#8221; animation_style=&#8221;slide&#8221; animation_direction=&#8221;left&#8221; link_option_url=&#8221;\/marketing\/&#8221; global_colors_info=&#8221;{}&#8221; hover_enabled=&#8221;0&#8243; sticky_enabled=&#8221;0&#8243;]\n<div><!-- [et_pb_line_break_holder] -->  <pee><a href=\"\/marknadsforing\/\" class=\"read-more home\">Marknadsf\u00f6ring<\/a><\/pee><!-- [et_pb_line_break_holder] --><\/div>\n[\/et_pb_code][et_pb_code _builder_version=&#8221;4.18.0&#8243; _module_preset=&#8221;default&#8221; text_orientation=&#8221;center&#8221; custom_margin=&#8221;30px||||false|false&#8221; animation_style=&#8221;slide&#8221; animation_direction=&#8221;right&#8221; link_option_url=&#8221;\/journalism\/&#8221; global_colors_info=&#8221;{}&#8221;]\t\t<\/p>\n<div><!-- [et_pb_line_break_holder] -->\t\t\t<pee><a href=\"\/journalistik\/\" class=\"read-more home\">Journalistik<\/a><\/pee><!-- [et_pb_line_break_holder] -->\t\t<\/div>\n[\/et_pb_code][\/et_pb_column][\/et_pb_row][\/et_pb_section]\n","protected":false},"excerpt":{"rendered":"<p>SWE | ENG<\/p>\n","protected":false},"author":1,"featured_media":229,"parent":0,"menu_order":0,"comment_status":"closed","ping_status":"closed","template":"page-template-blank.php","meta":{"_et_pb_use_builder":"on","_et_pb_old_content":"","_et_gb_content_width":"","footnotes":""},"class_list":["post-12","page","type-page","status-publish","has-post-thumbnail","hentry"],"yoast_head":"<!-- This site is optimized with the Yoast SEO plugin v27.5 - https:\/\/yoast.com\/product\/yoast-seo-wordpress\/ -->\n<title>Full Story Media | Marknadsf\u00f6ring &amp; Journalistik med fokus p\u00e5 inneh\u00e5ll<\/title>\n<meta name=\"description\" content=\"F\u00f6r kunder som Washington Post och Netflix skapar Full Story Media inneh\u00e5ll som ber\u00f6r, inspirerar och f\u00f6r\u00e4ndrar. I text, foto och film.\" \/>\n<meta name=\"robots\" content=\"index, follow, max-snippet:-1, max-image-preview:large, max-video-preview:-1\" \/>\n<link rel=\"canonical\" href=\"https:\/\/www.fullstory-media.com\/sv\/\" \/>\n<meta property=\"og:locale\" content=\"sv_SE\" \/>\n<meta property=\"og:type\" content=\"article\" \/>\n<meta property=\"og:title\" content=\"Full Story Media | Marknadsf\u00f6ring &amp; Journalistik med fokus p\u00e5 inneh\u00e5ll\" \/>\n<meta property=\"og:description\" content=\"F\u00f6r kunder som Washington Post och Netflix skapar Full Story Media inneh\u00e5ll som ber\u00f6r, inspirerar och f\u00f6r\u00e4ndrar. I text, foto och film.\" \/>\n<meta property=\"og:url\" content=\"https:\/\/www.fullstory-media.com\/sv\/\" \/>\n<meta property=\"og:site_name\" content=\"Full Story Media\" \/>\n<meta property=\"article:modified_time\" content=\"2022-10-13T07:18:16+00:00\" \/>\n<meta property=\"og:image\" content=\"https:\/\/www.fullstory-media.com\/wp-content\/uploads\/2021\/10\/Website.png\" \/>\n\t<meta property=\"og:image:width\" content=\"1200\" \/>\n\t<meta property=\"og:image:height\" content=\"627\" \/>\n\t<meta property=\"og:image:type\" content=\"image\/png\" \/>\n<meta name=\"twitter:card\" content=\"summary_large_image\" \/>\n<meta name=\"twitter:site\" content=\"@fullstorymedia\" \/>\n<meta name=\"twitter:label1\" content=\"Ber\u00e4knad l\u00e4stid\" \/>\n\t<meta name=\"twitter:data1\" content=\"1 minut\" \/>\n<script type=\"application\/ld+json\" class=\"yoast-schema-graph\">{\"@context\":\"https:\\\/\\\/schema.org\",\"@graph\":[{\"@type\":\"WebPage\",\"@id\":\"https:\\\/\\\/www.fullstory-media.com\\\/sv\\\/\",\"url\":\"https:\\\/\\\/www.fullstory-media.com\\\/sv\\\/\",\"name\":\"Full Story Media | Marknadsf\u00f6ring & Journalistik med fokus p\u00e5 inneh\u00e5ll\",\"isPartOf\":{\"@id\":\"https:\\\/\\\/www.fullstory-media.com\\\/sv\\\/#website\"},\"primaryImageOfPage\":{\"@id\":\"https:\\\/\\\/www.fullstory-media.com\\\/sv\\\/#primaryimage\"},\"image\":{\"@id\":\"https:\\\/\\\/www.fullstory-media.com\\\/sv\\\/#primaryimage\"},\"thumbnailUrl\":\"https:\\\/\\\/www.fullstory-media.com\\\/wp-content\\\/uploads\\\/2021\\\/10\\\/Website.png\",\"datePublished\":\"2021-04-16T12:14:00+00:00\",\"dateModified\":\"2022-10-13T07:18:16+00:00\",\"description\":\"F\u00f6r kunder som Washington Post och Netflix skapar Full Story Media inneh\u00e5ll som ber\u00f6r, inspirerar och f\u00f6r\u00e4ndrar. I text, foto och film.\",\"breadcrumb\":{\"@id\":\"https:\\\/\\\/www.fullstory-media.com\\\/sv\\\/#breadcrumb\"},\"inLanguage\":\"sv-SE\",\"potentialAction\":[{\"@type\":\"ReadAction\",\"target\":[\"https:\\\/\\\/www.fullstory-media.com\\\/sv\\\/\"]}]},{\"@type\":\"ImageObject\",\"inLanguage\":\"sv-SE\",\"@id\":\"https:\\\/\\\/www.fullstory-media.com\\\/sv\\\/#primaryimage\",\"url\":\"https:\\\/\\\/www.fullstory-media.com\\\/wp-content\\\/uploads\\\/2021\\\/10\\\/Website.png\",\"contentUrl\":\"https:\\\/\\\/www.fullstory-media.com\\\/wp-content\\\/uploads\\\/2021\\\/10\\\/Website.png\",\"width\":1200,\"height\":627,\"caption\":\"Full Story Media\"},{\"@type\":\"BreadcrumbList\",\"@id\":\"https:\\\/\\\/www.fullstory-media.com\\\/sv\\\/#breadcrumb\",\"itemListElement\":[{\"@type\":\"ListItem\",\"position\":1,\"name\":\"Home\",\"item\":\"https:\\\/\\\/www.fullstory-media.com\\\/sv\\\/\"},{\"@type\":\"ListItem\",\"position\":2,\"name\":\"Full Story Media\"}]},{\"@type\":\"WebSite\",\"@id\":\"https:\\\/\\\/www.fullstory-media.com\\\/sv\\\/#website\",\"url\":\"https:\\\/\\\/www.fullstory-media.com\\\/sv\\\/\",\"name\":\"Full Story Media\",\"description\":\"Marketing and journalism - Content in text, images and video\",\"potentialAction\":[{\"@type\":\"SearchAction\",\"target\":{\"@type\":\"EntryPoint\",\"urlTemplate\":\"https:\\\/\\\/www.fullstory-media.com\\\/sv\\\/?s={search_term_string}\"},\"query-input\":{\"@type\":\"PropertyValueSpecification\",\"valueRequired\":true,\"valueName\":\"search_term_string\"}}],\"inLanguage\":\"sv-SE\"}]}<\/script>\n<!-- \/ Yoast SEO plugin. -->","yoast_head_json":{"title":"Full Story Media | Marknadsf\u00f6ring & Journalistik med fokus p\u00e5 inneh\u00e5ll","description":"F\u00f6r kunder som Washington Post och Netflix skapar Full Story Media inneh\u00e5ll som ber\u00f6r, inspirerar och f\u00f6r\u00e4ndrar. I text, foto och film.","robots":{"index":"index","follow":"follow","max-snippet":"max-snippet:-1","max-image-preview":"max-image-preview:large","max-video-preview":"max-video-preview:-1"},"canonical":"https:\/\/www.fullstory-media.com\/sv\/","og_locale":"sv_SE","og_type":"article","og_title":"Full Story Media | Marknadsf\u00f6ring & Journalistik med fokus p\u00e5 inneh\u00e5ll","og_description":"F\u00f6r kunder som Washington Post och Netflix skapar Full Story Media inneh\u00e5ll som ber\u00f6r, inspirerar och f\u00f6r\u00e4ndrar. I text, foto och film.","og_url":"https:\/\/www.fullstory-media.com\/sv\/","og_site_name":"Full Story Media","article_modified_time":"2022-10-13T07:18:16+00:00","og_image":[{"width":1200,"height":627,"url":"https:\/\/www.fullstory-media.com\/wp-content\/uploads\/2021\/10\/Website.png","type":"image\/png"}],"twitter_card":"summary_large_image","twitter_site":"@fullstorymedia","twitter_misc":{"Ber\u00e4knad l\u00e4stid":"1 minut"},"schema":{"@context":"https:\/\/schema.org","@graph":[{"@type":"WebPage","@id":"https:\/\/www.fullstory-media.com\/sv\/","url":"https:\/\/www.fullstory-media.com\/sv\/","name":"Full Story Media | Marknadsf\u00f6ring & Journalistik med fokus p\u00e5 inneh\u00e5ll","isPartOf":{"@id":"https:\/\/www.fullstory-media.com\/sv\/#website"},"primaryImageOfPage":{"@id":"https:\/\/www.fullstory-media.com\/sv\/#primaryimage"},"image":{"@id":"https:\/\/www.fullstory-media.com\/sv\/#primaryimage"},"thumbnailUrl":"https:\/\/www.fullstory-media.com\/wp-content\/uploads\/2021\/10\/Website.png","datePublished":"2021-04-16T12:14:00+00:00","dateModified":"2022-10-13T07:18:16+00:00","description":"F\u00f6r kunder som Washington Post och Netflix skapar Full Story Media inneh\u00e5ll som ber\u00f6r, inspirerar och f\u00f6r\u00e4ndrar. I text, foto och film.","breadcrumb":{"@id":"https:\/\/www.fullstory-media.com\/sv\/#breadcrumb"},"inLanguage":"sv-SE","potentialAction":[{"@type":"ReadAction","target":["https:\/\/www.fullstory-media.com\/sv\/"]}]},{"@type":"ImageObject","inLanguage":"sv-SE","@id":"https:\/\/www.fullstory-media.com\/sv\/#primaryimage","url":"https:\/\/www.fullstory-media.com\/wp-content\/uploads\/2021\/10\/Website.png","contentUrl":"https:\/\/www.fullstory-media.com\/wp-content\/uploads\/2021\/10\/Website.png","width":1200,"height":627,"caption":"Full Story Media"},{"@type":"BreadcrumbList","@id":"https:\/\/www.fullstory-media.com\/sv\/#breadcrumb","itemListElement":[{"@type":"ListItem","position":1,"name":"Home","item":"https:\/\/www.fullstory-media.com\/sv\/"},{"@type":"ListItem","position":2,"name":"Full Story Media"}]},{"@type":"WebSite","@id":"https:\/\/www.fullstory-media.com\/sv\/#website","url":"https:\/\/www.fullstory-media.com\/sv\/","name":"Full Story Media","description":"Marketing and journalism - Content in text, images and video","potentialAction":[{"@type":"SearchAction","target":{"@type":"EntryPoint","urlTemplate":"https:\/\/www.fullstory-media.com\/sv\/?s={search_term_string}"},"query-input":{"@type":"PropertyValueSpecification","valueRequired":true,"valueName":"search_term_string"}}],"inLanguage":"sv-SE"}]}},"_links":{"self":[{"href":"https:\/\/www.fullstory-media.com\/sv\/wp-json\/wp\/v2\/pages\/12","targetHints":{"allow":["GET"]}}],"collection":[{"href":"https:\/\/www.fullstory-media.com\/sv\/wp-json\/wp\/v2\/pages"}],"about":[{"href":"https:\/\/www.fullstory-media.com\/sv\/wp-json\/wp\/v2\/types\/page"}],"author":[{"embeddable":true,"href":"https:\/\/www.fullstory-media.com\/sv\/wp-json\/wp\/v2\/users\/1"}],"replies":[{"embeddable":true,"href":"https:\/\/www.fullstory-media.com\/sv\/wp-json\/wp\/v2\/comments?post=12"}],"version-history":[{"count":5,"href":"https:\/\/www.fullstory-media.com\/sv\/wp-json\/wp\/v2\/pages\/12\/revisions"}],"predecessor-version":[{"id":304,"href":"https:\/\/www.fullstory-media.com\/sv\/wp-json\/wp\/v2\/pages\/12\/revisions\/304"}],"wp:featuredmedia":[{"embeddable":true,"href":"https:\/\/www.fullstory-media.com\/sv\/wp-json\/wp\/v2\/media\/229"}],"wp:attachment":[{"href":"https:\/\/www.fullstory-media.com\/sv\/wp-json\/wp\/v2\/media?parent=12"}],"curies":[{"name":"wp","href":"https:\/\/api.w.org\/{rel}","templated":true}]}}