{"id":28,"date":"2021-04-16T15:27:24","date_gmt":"2021-04-16T13:27:24","guid":{"rendered":"https:\/\/www.fullstory-media.com\/marknadsforing\/?page_id=28"},"modified":"2022-04-05T13:53:37","modified_gmt":"2022-04-05T11:53:37","slug":"om-mig","status":"publish","type":"page","link":"https:\/\/www.fullstory-media.com\/marknadsforing\/om-mig\/","title":{"rendered":"Om mig"},"content":{"rendered":"[et_pb_section fb_built=&#8221;1&#8243; admin_label=&#8221;Puffar&#8221; module_class=&#8221;home-blurbs&#8221; _builder_version=&#8221;4.9.4&#8243; _module_preset=&#8221;default&#8221; global_colors_info=&#8221;{}&#8221;][et_pb_row column_structure=&#8221;2_5,3_5&#8243; make_equal=&#8221;on&#8221; _builder_version=&#8221;4.9.4&#8243; _module_preset=&#8221;default&#8221; global_colors_info=&#8221;{}&#8221;][et_pb_column type=&#8221;2_5&#8243; _builder_version=&#8221;4.9.4&#8243; _module_preset=&#8221;default&#8221; global_colors_info=&#8221;{}&#8221;][et_pb_image src=&#8221;https:\/\/www.fullstory-media.com\/marknadsforing\/wp-content\/uploads\/sites\/2\/2021\/06\/A-M-bild.jpg&#8221; title_text=&#8221;A-M bild&#8221; _builder_version=&#8221;4.9.4&#8243; _module_preset=&#8221;default&#8221; global_colors_info=&#8221;{}&#8221;][\/et_pb_image][\/et_pb_column][et_pb_column type=&#8221;3_5&#8243; module_class=&#8221;vertical-flex&#8221; _builder_version=&#8221;4.9.4&#8243; _module_preset=&#8221;default&#8221; global_colors_info=&#8221;{}&#8221;][et_pb_text _builder_version=&#8221;4.14.8&#8243; _module_preset=&#8221;default&#8221; text_orientation=&#8221;justified&#8221; hover_enabled=&#8221;0&#8243; global_colors_info=&#8221;{}&#8221; sticky_enabled=&#8221;0&#8243;]\n<h1>En kameleont med fokus p\u00e5 inneh\u00e5ll<\/h1>\n<p>Jag tror p\u00e5 att utmana invanda tankem\u00f6nster. Att skapa inneh\u00e5ll (ord, bilder, video) som ber\u00f6r, informerar, underh\u00e5ller och f\u00f6r\u00e4ndrar. Slutprodukterna kallas storytelling, marknadsf\u00f6ring, journalistik och kommunikation. Fr\u00e5n journalistiken tog jag med mig mitt arbetss\u00e4tt. Att f\u00f6rdjupa mig, f\u00f6rtydliga, t\u00e4nka i olika infallsvinklar och h\u00e5lla det kort. Jag lyssnar och utmanar. S\u00e5v\u00e4l dig som mig sj\u00e4lv. Jag ifr\u00e5gas\u00e4tter och blir g\u00e4rna sj\u00e4lv ifr\u00e5gasatt. Det \u00e4r n\u00e4mligen bara tillsammans som vi kan skapa n\u00e5got unikt.<\/p>\n<h2><span style=\"color: #333333; font-size: 26px;\"><br \/>Ena foten i Nederl\u00e4nderna<\/span><\/h2>\n<p>Under mer \u00e4n tio \u00e5r bodde jag i Amsterdam och d\u00e4rf\u00f6r jobbar jag p\u00e5 svenska, engelska och nederl\u00e4ndska. Eftersom halva min familj ocks\u00e5 \u00e4r holl\u00e4ndare s\u00e5 jag st\u00e5r med ena foten i Nederl\u00e4nderna och den andra i Sverige. Fr\u00e5n de platserna jobbar jag globalt. Jag \u00e4r nyfiken p\u00e5 m\u00e4nniskors situationer, upplevelser, ber\u00e4ttelser och strider. Det lyser ocks\u00e5 igenom i mitt inneh\u00e5llskapande och hur jag samarbetar med dig. Samma nyfikenhet har lett mig till samarbete med multinationella f\u00f6retag, ideella organisationer, start-ups och enmansf\u00f6retag. Jag t\u00e4nker strategiskt och l\u00e5ngsiktigt men utf\u00f6r direkt och effektivt. Hur kan jag hj\u00e4lpa dig?<\/p>\n[\/et_pb_text][\/et_pb_column][\/et_pb_row][\/et_pb_section][et_pb_section fb_built=&#8221;1&#8243; admin_label=&#8221;CTA&#8221; _builder_version=&#8221;4.9.4&#8243; _module_preset=&#8221;default&#8221; use_background_color_gradient=&#8221;on&#8221; background_color_gradient_start=&#8221;rgba(0,0,0,0.75)&#8221; background_color_gradient_end=&#8221;rgba(0,0,0,0.75)&#8221; background_color_gradient_overlays_image=&#8221;on&#8221; background_image=&#8221;https:\/\/www.fullstory-media.com\/marknadsforing\/wp-content\/uploads\/sites\/2\/2021\/04\/cta-1.jpeg&#8221; background_video_mp4=&#8221;https:\/\/www.fullstory-media.com\/marknadsforing\/wp-content\/uploads\/sites\/2\/2021\/05\/road-720-fast.mp4&#8243; locked=&#8221;off&#8221; global_colors_info=&#8221;{}&#8221;][et_pb_row _builder_version=&#8221;4.9.4&#8243; _module_preset=&#8221;default&#8221; max_width=&#8221;600px&#8221; max_width_tablet=&#8221;480px&#8221; max_width_phone=&#8221;92%&#8221; max_width_last_edited=&#8221;on|phone&#8221; module_alignment=&#8221;center&#8221; global_colors_info=&#8221;{}&#8221;][et_pb_column type=&#8221;4_4&#8243; _builder_version=&#8221;4.9.4&#8243; _module_preset=&#8221;default&#8221; global_colors_info=&#8221;{}&#8221;][et_pb_text _builder_version=&#8221;4.9.4&#8243; _module_preset=&#8221;default&#8221; text_orientation=&#8221;center&#8221; background_layout=&#8221;dark&#8221; global_colors_info=&#8221;{}&#8221;]\n<h3>Kontakta mig<\/h3>\n<p>Ibland \u00e4r det br\u00e5ttom och ibland m\u00e5ste du planera fram\u00e5t.<br \/>Oavsett situation &#8211; h\u00f6r av dig.<\/p>\n[\/et_pb_text][et_pb_button button_url=&#8221;\/marknadsforing\/kontakt\/&#8221; button_text=&#8221;L\u00e4s mer&#8221; button_alignment=&#8221;center&#8221; module_class=&#8221;read-more-white&#8221; _builder_version=&#8221;4.9.4&#8243; _module_preset=&#8221;default&#8221; global_colors_info=&#8221;{}&#8221;][\/et_pb_button][\/et_pb_column][\/et_pb_row][\/et_pb_section]\n","protected":false},"excerpt":{"rendered":"<p>En kameleont med fokus p\u00e5 inneh\u00e5ll Jag tror p\u00e5 att utmana invanda tankem\u00f6nster. Att skapa inneh\u00e5ll (ord, bilder, video) som ber\u00f6r, informerar, underh\u00e5ller och f\u00f6r\u00e4ndrar. Slutprodukterna kallas storytelling, marknadsf\u00f6ring, journalistik och kommunikation. Fr\u00e5n journalistiken tog jag med mig mitt arbetss\u00e4tt. Att f\u00f6rdjupa mig, f\u00f6rtydliga, t\u00e4nka i olika infallsvinklar och h\u00e5lla det kort. Jag lyssnar och [&hellip;]<\/p>\n","protected":false},"author":1,"featured_media":0,"parent":0,"menu_order":0,"comment_status":"closed","ping_status":"closed","template":"","meta":{"_et_pb_use_builder":"on","_et_pb_old_content":"","_et_gb_content_width":"","footnotes":""},"class_list":["post-28","page","type-page","status-publish","hentry"],"yoast_head":"<!-- This site is optimized with the Yoast SEO plugin v27.5 - https:\/\/yoast.com\/product\/yoast-seo-wordpress\/ -->\n<title>Om mig | Anna-Maria Magnusson | Full Story Media<\/title>\n<meta name=\"description\" content=\"Om mig. Jag t\u00e4nker strategiskt och l\u00e5ngsiktigt och utf\u00f6r direkt och effektivt. Vad beh\u00f6ver du? Jag hj\u00e4lper dig uppn\u00e5 det!\" \/>\n<meta name=\"robots\" content=\"index, follow, max-snippet:-1, max-image-preview:large, max-video-preview:-1\" \/>\n<link rel=\"canonical\" href=\"https:\/\/www.fullstory-media.com\/marknadsforing\/om-mig\/\" \/>\n<meta property=\"og:locale\" content=\"sv_SE\" \/>\n<meta property=\"og:type\" content=\"article\" \/>\n<meta property=\"og:title\" content=\"Om mig | Anna-Maria Magnusson | Full Story Media\" \/>\n<meta property=\"og:description\" content=\"Om mig. Jag t\u00e4nker strategiskt och l\u00e5ngsiktigt och utf\u00f6r direkt och effektivt. Vad beh\u00f6ver du? Jag hj\u00e4lper dig uppn\u00e5 det!\" \/>\n<meta property=\"og:url\" content=\"https:\/\/www.fullstory-media.com\/marknadsforing\/om-mig\/\" \/>\n<meta property=\"og:site_name\" content=\"Marknadsf\u00f6ring\" \/>\n<meta property=\"article:modified_time\" content=\"2022-04-05T11:53:37+00:00\" \/>\n<meta property=\"og:image\" content=\"https:\/\/www.fullstory-media.com\/marknadsforing\/wp-content\/uploads\/sites\/2\/2021\/10\/Screenshot-2021-10-01-at-13.56.51-1024x556.png\" \/>\n\t<meta property=\"og:image:width\" content=\"1024\" \/>\n\t<meta property=\"og:image:height\" content=\"556\" \/>\n\t<meta property=\"og:image:type\" content=\"image\/png\" \/>\n<meta name=\"twitter:card\" content=\"summary_large_image\" \/>\n<meta name=\"twitter:site\" content=\"@fullstorymedia\" \/>\n<meta name=\"twitter:label1\" content=\"Ber\u00e4knad l\u00e4stid\" \/>\n\t<meta name=\"twitter:data1\" content=\"3 minuter\" \/>\n<script type=\"application\/ld+json\" class=\"yoast-schema-graph\">{\"@context\":\"https:\\\/\\\/schema.org\",\"@graph\":[{\"@type\":[\"WebPage\",\"AboutPage\"],\"@id\":\"https:\\\/\\\/www.fullstory-media.com\\\/marknadsforing\\\/om-mig\\\/\",\"url\":\"https:\\\/\\\/www.fullstory-media.com\\\/marknadsforing\\\/om-mig\\\/\",\"name\":\"Om mig | Anna-Maria Magnusson | Full Story Media\",\"isPartOf\":{\"@id\":\"https:\\\/\\\/www.fullstory-media.com\\\/marknadsforing\\\/#website\"},\"datePublished\":\"2021-04-16T13:27:24+00:00\",\"dateModified\":\"2022-04-05T11:53:37+00:00\",\"description\":\"Om mig. Jag t\u00e4nker strategiskt och l\u00e5ngsiktigt och utf\u00f6r direkt och effektivt. Vad beh\u00f6ver du? Jag hj\u00e4lper dig uppn\u00e5 det!\",\"breadcrumb\":{\"@id\":\"https:\\\/\\\/www.fullstory-media.com\\\/marknadsforing\\\/om-mig\\\/#breadcrumb\"},\"inLanguage\":\"sv-SE\",\"potentialAction\":[{\"@type\":\"ReadAction\",\"target\":[\"https:\\\/\\\/www.fullstory-media.com\\\/marknadsforing\\\/om-mig\\\/\"]}]},{\"@type\":\"BreadcrumbList\",\"@id\":\"https:\\\/\\\/www.fullstory-media.com\\\/marknadsforing\\\/om-mig\\\/#breadcrumb\",\"itemListElement\":[{\"@type\":\"ListItem\",\"position\":1,\"name\":\"Home\",\"item\":\"https:\\\/\\\/www.fullstory-media.com\\\/marknadsforing\\\/\"},{\"@type\":\"ListItem\",\"position\":2,\"name\":\"Om mig\"}]},{\"@type\":\"WebSite\",\"@id\":\"https:\\\/\\\/www.fullstory-media.com\\\/marknadsforing\\\/#website\",\"url\":\"https:\\\/\\\/www.fullstory-media.com\\\/marknadsforing\\\/\",\"name\":\"Marknadsf\u00f6ring\",\"description\":\"\u00c4nnu en webbplats hos Full Story Media-webbplatser\",\"publisher\":{\"@id\":\"https:\\\/\\\/www.fullstory-media.com\\\/marknadsforing\\\/#organization\"},\"potentialAction\":[{\"@type\":\"SearchAction\",\"target\":{\"@type\":\"EntryPoint\",\"urlTemplate\":\"https:\\\/\\\/www.fullstory-media.com\\\/marknadsforing\\\/?s={search_term_string}\"},\"query-input\":{\"@type\":\"PropertyValueSpecification\",\"valueRequired\":true,\"valueName\":\"search_term_string\"}}],\"inLanguage\":\"sv-SE\"},{\"@type\":\"Organization\",\"@id\":\"https:\\\/\\\/www.fullstory-media.com\\\/marknadsforing\\\/#organization\",\"name\":\"Full Story Media\",\"url\":\"https:\\\/\\\/www.fullstory-media.com\\\/marknadsforing\\\/\",\"logo\":{\"@type\":\"ImageObject\",\"inLanguage\":\"sv-SE\",\"@id\":\"https:\\\/\\\/www.fullstory-media.com\\\/marknadsforing\\\/#\\\/schema\\\/logo\\\/image\\\/\",\"url\":\"https:\\\/\\\/www.fullstory-media.com\\\/marknadsforing\\\/wp-content\\\/uploads\\\/sites\\\/2\\\/2021\\\/10\\\/Logga.png\",\"contentUrl\":\"https:\\\/\\\/www.fullstory-media.com\\\/marknadsforing\\\/wp-content\\\/uploads\\\/sites\\\/2\\\/2021\\\/10\\\/Logga.png\",\"width\":721,\"height\":211,\"caption\":\"Full Story Media\"},\"image\":{\"@id\":\"https:\\\/\\\/www.fullstory-media.com\\\/marknadsforing\\\/#\\\/schema\\\/logo\\\/image\\\/\"},\"sameAs\":[\"https:\\\/\\\/x.com\\\/fullstorymedia\",\"https:\\\/\\\/www.instagram.com\\\/annamaria_magnusson\\\/\",\"https:\\\/\\\/www.linkedin.com\\\/in\\\/annamariamagnusson\\\/\"]}]}<\/script>\n<!-- \/ Yoast SEO plugin. -->","yoast_head_json":{"title":"Om mig | Anna-Maria Magnusson | Full Story Media","description":"Om mig. Jag t\u00e4nker strategiskt och l\u00e5ngsiktigt och utf\u00f6r direkt och effektivt. Vad beh\u00f6ver du? Jag hj\u00e4lper dig uppn\u00e5 det!","robots":{"index":"index","follow":"follow","max-snippet":"max-snippet:-1","max-image-preview":"max-image-preview:large","max-video-preview":"max-video-preview:-1"},"canonical":"https:\/\/www.fullstory-media.com\/marknadsforing\/om-mig\/","og_locale":"sv_SE","og_type":"article","og_title":"Om mig | Anna-Maria Magnusson | Full Story Media","og_description":"Om mig. Jag t\u00e4nker strategiskt och l\u00e5ngsiktigt och utf\u00f6r direkt och effektivt. Vad beh\u00f6ver du? Jag hj\u00e4lper dig uppn\u00e5 det!","og_url":"https:\/\/www.fullstory-media.com\/marknadsforing\/om-mig\/","og_site_name":"Marknadsf\u00f6ring","article_modified_time":"2022-04-05T11:53:37+00:00","og_image":[{"width":1024,"height":556,"url":"https:\/\/www.fullstory-media.com\/marknadsforing\/wp-content\/uploads\/sites\/2\/2021\/10\/Screenshot-2021-10-01-at-13.56.51-1024x556.png","type":"image\/png"}],"twitter_card":"summary_large_image","twitter_site":"@fullstorymedia","twitter_misc":{"Ber\u00e4knad l\u00e4stid":"3 minuter"},"schema":{"@context":"https:\/\/schema.org","@graph":[{"@type":["WebPage","AboutPage"],"@id":"https:\/\/www.fullstory-media.com\/marknadsforing\/om-mig\/","url":"https:\/\/www.fullstory-media.com\/marknadsforing\/om-mig\/","name":"Om mig | Anna-Maria Magnusson | Full Story Media","isPartOf":{"@id":"https:\/\/www.fullstory-media.com\/marknadsforing\/#website"},"datePublished":"2021-04-16T13:27:24+00:00","dateModified":"2022-04-05T11:53:37+00:00","description":"Om mig. Jag t\u00e4nker strategiskt och l\u00e5ngsiktigt och utf\u00f6r direkt och effektivt. Vad beh\u00f6ver du? Jag hj\u00e4lper dig uppn\u00e5 det!","breadcrumb":{"@id":"https:\/\/www.fullstory-media.com\/marknadsforing\/om-mig\/#breadcrumb"},"inLanguage":"sv-SE","potentialAction":[{"@type":"ReadAction","target":["https:\/\/www.fullstory-media.com\/marknadsforing\/om-mig\/"]}]},{"@type":"BreadcrumbList","@id":"https:\/\/www.fullstory-media.com\/marknadsforing\/om-mig\/#breadcrumb","itemListElement":[{"@type":"ListItem","position":1,"name":"Home","item":"https:\/\/www.fullstory-media.com\/marknadsforing\/"},{"@type":"ListItem","position":2,"name":"Om mig"}]},{"@type":"WebSite","@id":"https:\/\/www.fullstory-media.com\/marknadsforing\/#website","url":"https:\/\/www.fullstory-media.com\/marknadsforing\/","name":"Marknadsf\u00f6ring","description":"\u00c4nnu en webbplats hos Full Story Media-webbplatser","publisher":{"@id":"https:\/\/www.fullstory-media.com\/marknadsforing\/#organization"},"potentialAction":[{"@type":"SearchAction","target":{"@type":"EntryPoint","urlTemplate":"https:\/\/www.fullstory-media.com\/marknadsforing\/?s={search_term_string}"},"query-input":{"@type":"PropertyValueSpecification","valueRequired":true,"valueName":"search_term_string"}}],"inLanguage":"sv-SE"},{"@type":"Organization","@id":"https:\/\/www.fullstory-media.com\/marknadsforing\/#organization","name":"Full Story Media","url":"https:\/\/www.fullstory-media.com\/marknadsforing\/","logo":{"@type":"ImageObject","inLanguage":"sv-SE","@id":"https:\/\/www.fullstory-media.com\/marknadsforing\/#\/schema\/logo\/image\/","url":"https:\/\/www.fullstory-media.com\/marknadsforing\/wp-content\/uploads\/sites\/2\/2021\/10\/Logga.png","contentUrl":"https:\/\/www.fullstory-media.com\/marknadsforing\/wp-content\/uploads\/sites\/2\/2021\/10\/Logga.png","width":721,"height":211,"caption":"Full Story Media"},"image":{"@id":"https:\/\/www.fullstory-media.com\/marknadsforing\/#\/schema\/logo\/image\/"},"sameAs":["https:\/\/x.com\/fullstorymedia","https:\/\/www.instagram.com\/annamaria_magnusson\/","https:\/\/www.linkedin.com\/in\/annamariamagnusson\/"]}]}},"_links":{"self":[{"href":"https:\/\/www.fullstory-media.com\/marknadsforing\/wp-json\/wp\/v2\/pages\/28","targetHints":{"allow":["GET"]}}],"collection":[{"href":"https:\/\/www.fullstory-media.com\/marknadsforing\/wp-json\/wp\/v2\/pages"}],"about":[{"href":"https:\/\/www.fullstory-media.com\/marknadsforing\/wp-json\/wp\/v2\/types\/page"}],"author":[{"embeddable":true,"href":"https:\/\/www.fullstory-media.com\/marknadsforing\/wp-json\/wp\/v2\/users\/1"}],"replies":[{"embeddable":true,"href":"https:\/\/www.fullstory-media.com\/marknadsforing\/wp-json\/wp\/v2\/comments?post=28"}],"version-history":[{"count":38,"href":"https:\/\/www.fullstory-media.com\/marknadsforing\/wp-json\/wp\/v2\/pages\/28\/revisions"}],"predecessor-version":[{"id":1942,"href":"https:\/\/www.fullstory-media.com\/marknadsforing\/wp-json\/wp\/v2\/pages\/28\/revisions\/1942"}],"wp:attachment":[{"href":"https:\/\/www.fullstory-media.com\/marknadsforing\/wp-json\/wp\/v2\/media?parent=28"}],"curies":[{"name":"wp","href":"https:\/\/api.w.org\/{rel}","templated":true}]}}