{"id":25,"date":"2021-04-16T15:26:55","date_gmt":"2021-04-16T13:26:55","guid":{"rendered":"https:\/\/www.fullstory-media.com\/marknadsforing\/?page_id=25"},"modified":"2025-03-06T12:28:48","modified_gmt":"2025-03-06T11:28:48","slug":"tjanster","status":"publish","type":"page","link":"https:\/\/www.fullstory-media.com\/marknadsforing\/tjanster\/","title":{"rendered":"Tj\u00e4nster"},"content":{"rendered":"[et_pb_section fb_built=&#8221;1&#8243; admin_label=&#8221;Intro med h2:a&#8221; _builder_version=&#8221;4.16&#8243; _module_preset=&#8221;default&#8221; background_enable_color=&#8221;off&#8221; custom_padding=&#8221;||6px|||&#8221; global_colors_info=&#8221;{}&#8221;][et_pb_row _builder_version=&#8221;4.16&#8243; _module_preset=&#8221;default&#8221; max_width=&#8221;600px&#8221; module_alignment=&#8221;center&#8221; global_colors_info=&#8221;{}&#8221;][et_pb_column type=&#8221;4_4&#8243; _builder_version=&#8221;4.16&#8243; _module_preset=&#8221;default&#8221; global_colors_info=&#8221;{}&#8221;][et_pb_text _builder_version=&#8221;4.27.4&#8243; _module_preset=&#8221;default&#8221; text_orientation=&#8221;justified&#8221; hover_enabled=&#8221;0&#8243; global_colors_info=&#8221;{}&#8221; sticky_enabled=&#8221;0&#8243;]\n<h1 style=\"text-align: center;\">Detta hj\u00e4lper jag dig med<\/h1>\n<p class=\"intro\">S\u00f6ker du en marknadsf\u00f6ringsbyr\u00e5? Har du en id\u00e9, ett m\u00e5l eller ett specifikt marknadsf\u00f6ringsbehov? Oavsett vad du beh\u00f6ver \u00e4r jag n\u00e5gon som t\u00e4nker brett och p\u00e5 detaljerna, lyssnar och utmanar. Ibland beh\u00f6vs en strategi, ibland n\u00e5gon som utf\u00f6r era planer. Oavsett var ni \u00e4r i er marknadsf\u00f6ringsresa hoppar jag enkelt in. Kontakta mig s\u00e5 kommer ni att m\u00e4rka att flexibilitet, produktivitet och passion \u00e4r ledorden i min verksamhet.<\/p>\n[\/et_pb_text][\/et_pb_column][\/et_pb_row][\/et_pb_section][et_pb_section fb_built=&#8221;1&#8243; admin_label=&#8221;Puffar&#8221; module_class=&#8221;home-blurbs&#8221; _builder_version=&#8221;4.16&#8243; _module_preset=&#8221;default&#8221; custom_padding=&#8221;50px|||||&#8221; locked=&#8221;off&#8221; global_colors_info=&#8221;{}&#8221;][et_pb_row column_structure=&#8221;1_3,1_3,1_3&#8243; use_custom_gutter=&#8221;on&#8221; gutter_width=&#8221;3&#8243; make_equal=&#8221;on&#8221; _builder_version=&#8221;4.16&#8243; _module_preset=&#8221;default&#8221; global_colors_info=&#8221;{}&#8221;][et_pb_column type=&#8221;1_3&#8243; _builder_version=&#8221;4.16&#8243; _module_preset=&#8221;default&#8221; global_colors_info=&#8221;{}&#8221;][et_pb_blurb title=&#8221;Content marketing | SEO \u2013 copy&#8221; image=&#8221;https:\/\/www.fullstory-media.com\/marknadsforing\/wp-content\/uploads\/sites\/2\/2021\/05\/Lamps.jpg&#8221; _builder_version=&#8221;4.16&#8243; _module_preset=&#8221;default&#8221; header_text_align=&#8221;center&#8221; text_orientation=&#8221;justified&#8221; global_colors_info=&#8221;{}&#8221;]\n<p>Att skapa inneh\u00e5ll som l\u00e4ses, ses, lyssnas p\u00e5. P\u00e5 riktigt. Det \u00e4r sv\u00e5rare \u00e4n det l\u00e5ter. Det \u00e4r d\u00e4r jag kommer in. Jag st\u00e4rker ert varum\u00e4rke med nytt inneh\u00e5ll. Dessutom s\u00f6kords-optimerar jag g\u00e4rna ditt inneh\u00e5ll (SEO). Oavsett om ni f\u00f6redrar text, bild eller video.<\/p>\n[\/et_pb_blurb][et_pb_button button_url=&#8221;\/marknadsforing\/kontakt\/&#8221; button_text=&#8221;Kontakt&#8221; button_alignment=&#8221;center&#8221; module_class=&#8221;read-more&#8221; _builder_version=&#8221;4.16&#8243; _module_preset=&#8221;default&#8221; custom_margin=&#8221;||40px||false|false&#8221; global_colors_info=&#8221;{}&#8221;][\/et_pb_button][et_pb_blurb title=&#8221;Lansera kampanjer&#8221; image=&#8221;https:\/\/www.fullstory-media.com\/marknadsforing\/wp-content\/uploads\/sites\/2\/2021\/05\/Speed.jpg&#8221; _builder_version=&#8221;4.16&#8243; _module_preset=&#8221;default&#8221; header_text_align=&#8221;center&#8221; text_orientation=&#8221;justified&#8221; global_colors_info=&#8221;{}&#8221;]\n<p>Beh\u00f6ver du n\u00e5gon som ser till att kampanjen lanseras i tid, f\u00f6r r\u00e4tt budget och utan strul? Med mig blir det en tydlig rakstr\u00e4cka. Jag har lanserat tiotal kampanjer samtidigt f\u00f6r bland andra Netflix och Canon Europe.<\/p>\n[\/et_pb_blurb][et_pb_button button_url=&#8221;\/marknadsforing\/kontakt\/&#8221; button_text=&#8221;Kontakt&#8221; button_alignment=&#8221;center&#8221; module_class=&#8221;read-more&#8221; _builder_version=&#8221;4.16&#8243; _module_preset=&#8221;default&#8221; global_colors_info=&#8221;{}&#8221;][\/et_pb_button][\/et_pb_column][et_pb_column type=&#8221;1_3&#8243; _builder_version=&#8221;4.16&#8243; _module_preset=&#8221;default&#8221; global_colors_info=&#8221;{}&#8221;][et_pb_blurb title=&#8221;Varum\u00e4rket | Strategi &#038; produktion&#8221; image=&#8221;https:\/\/www.fullstory-media.com\/marknadsforing\/wp-content\/uploads\/sites\/2\/2021\/05\/Pussel.jpg&#8221; _builder_version=&#8221;4.16&#8243; _module_preset=&#8221;default&#8221; header_text_align=&#8221;center&#8221; text_orientation=&#8221;justified&#8221; global_colors_info=&#8221;{}&#8221;]\n<p>Det \u00e4r ett riktigt pussel att ha tid f\u00f6r strategi, f\u00e5 fram ett bra koncept och producera inneh\u00e5ll i tid. Det pusslet kan jag ta hand om. Jag jobbar strategiskt och l\u00e5ngsiktigt och producerar och lanserar kampanjer.<\/p>\n[\/et_pb_blurb][et_pb_button button_url=&#8221;\/marknadsforing\/kontakt\/&#8221; button_text=&#8221;Kontakt&#8221; button_alignment=&#8221;center&#8221; module_class=&#8221;read-more&#8221; _builder_version=&#8221;4.16&#8243; _module_preset=&#8221;default&#8221; custom_margin=&#8221;||40px||false|false&#8221; global_colors_info=&#8221;{}&#8221;][\/et_pb_button][et_pb_blurb title=&#8221;Sociala kanaler&#8221; image=&#8221;https:\/\/www.fullstory-media.com\/marknadsforing\/wp-content\/uploads\/sites\/2\/2021\/05\/Social-media.jpg&#8221; _builder_version=&#8221;4.16&#8243; _module_preset=&#8221;default&#8221; header_text_align=&#8221;center&#8221; text_orientation=&#8221;justified&#8221; locked=&#8221;off&#8221; global_colors_info=&#8221;{}&#8221;]\n<p>Facebook \u00e4r f\u00f6r \u00e4ldre kvinnor, LinkedIn \u00e4r ett professionellt n\u00e4tverk och Snapchat f\u00f6r ton\u00e5ringarna. Nja, riktigt s\u00e5 enkelt \u00e4r det inte men jag skapar sociala kampanjer som l\u00e4ses, uppskattas, retweetas, delas och gillas. #H\u00f6rAvDig!<\/p>\n[\/et_pb_blurb][et_pb_button button_url=&#8221;\/marknadsforing\/kontakt\/&#8221; button_text=&#8221;Kontakt&#8221; button_alignment=&#8221;center&#8221; module_class=&#8221;read-more&#8221; _builder_version=&#8221;4.16&#8243; _module_preset=&#8221;default&#8221; global_colors_info=&#8221;{}&#8221;][\/et_pb_button][\/et_pb_column][et_pb_column type=&#8221;1_3&#8243; _builder_version=&#8221;4.16&#8243; _module_preset=&#8221;default&#8221; global_colors_info=&#8221;{}&#8221;][et_pb_blurb title=&#8221;PR | synlighet i media&#8221; image=&#8221;https:\/\/www.fullstory-media.com\/marknadsforing\/wp-content\/uploads\/sites\/2\/2021\/05\/Journalism-then.jpg&#8221; _builder_version=&#8221;4.16&#8243; _module_preset=&#8221;default&#8221; header_text_align=&#8221;center&#8221; text_orientation=&#8221;justified&#8221; global_colors_info=&#8221;{}&#8221;]\n<p>K\u00e4nns det sv\u00e5rt att n\u00e5 ut? Som journalist f\u00f6r bl.a SVT och Washington Post vet jag vilka knappar du ska trycka p\u00e5. Mitt PR arbete gjorde att en av mina kunder fick intervjuer med BBC, The Guardian och NPR. <\/p>\n[\/et_pb_blurb][et_pb_button button_url=&#8221;\/marknadsforing\/kontakt\/&#8221; button_text=&#8221;Kontakt&#8221; button_alignment=&#8221;center&#8221; module_class=&#8221;read-more&#8221; _builder_version=&#8221;4.16&#8243; _module_preset=&#8221;default&#8221; custom_margin=&#8221;||40px||false|false&#8221; global_colors_info=&#8221;{}&#8221;][\/et_pb_button][\/et_pb_column][\/et_pb_row][et_pb_row column_structure=&#8221;1_3,1_3,1_3&#8243; use_custom_gutter=&#8221;on&#8221; gutter_width=&#8221;3&#8243; make_equal=&#8221;on&#8221; _builder_version=&#8221;4.16&#8243; _module_preset=&#8221;default&#8221; global_colors_info=&#8221;{}&#8221;][et_pb_column type=&#8221;1_3&#8243; _builder_version=&#8221;4.16&#8243; _module_preset=&#8221;default&#8221; global_colors_info=&#8221;{}&#8221;][\/et_pb_column][et_pb_column type=&#8221;1_3&#8243; _builder_version=&#8221;4.16&#8243; _module_preset=&#8221;default&#8221; global_colors_info=&#8221;{}&#8221;][\/et_pb_column][et_pb_column type=&#8221;1_3&#8243; _builder_version=&#8221;4.16&#8243; _module_preset=&#8221;default&#8221; global_colors_info=&#8221;{}&#8221;][\/et_pb_column][\/et_pb_row][\/et_pb_section][et_pb_section fb_built=&#8221;1&#8243; admin_label=&#8221;CTA&#8221; _builder_version=&#8221;4.16&#8243; _module_preset=&#8221;default&#8221; use_background_color_gradient=&#8221;on&#8221; background_color_gradient_stops=&#8221;rgba(0,0,0,0.92) 0%|rgba(0,0,0,0.92) 100%&#8221; background_color_gradient_overlays_image=&#8221;on&#8221; background_color_gradient_start=&#8221;rgba(0,0,0,0.92)&#8221; background_color_gradient_end=&#8221;rgba(0,0,0,0.92)&#8221; background_enable_image=&#8221;off&#8221; background_video_mp4=&#8221;https:\/\/www.fullstory-media.com\/marknadsforing\/wp-content\/uploads\/sites\/2\/2021\/05\/road-720-fast.mp4&#8243; locked=&#8221;off&#8221; global_colors_info=&#8221;{}&#8221;][et_pb_row _builder_version=&#8221;4.16&#8243; _module_preset=&#8221;default&#8221; max_width=&#8221;600px&#8221; max_width_tablet=&#8221;480px&#8221; max_width_phone=&#8221;92%&#8221; max_width_last_edited=&#8221;on|phone&#8221; module_alignment=&#8221;center&#8221; global_colors_info=&#8221;{}&#8221;][et_pb_column type=&#8221;4_4&#8243; _builder_version=&#8221;4.16&#8243; _module_preset=&#8221;default&#8221; global_colors_info=&#8221;{}&#8221;][et_pb_text _builder_version=&#8221;4.16&#8243; _module_preset=&#8221;default&#8221; text_orientation=&#8221;center&#8221; background_layout=&#8221;dark&#8221; global_colors_info=&#8221;{}&#8221;]\n<p>Ibland \u00e4r det br\u00e5ttom och ibland m\u00e5ste du planera fram\u00e5t.<br \/>Oavsett situation &#8211; h\u00f6r av dig.<\/p>\n[\/et_pb_text][et_pb_button button_url=&#8221;\/marknadsforing\/kontakt\/&#8221; button_text=&#8221;Kontakt&#8221; button_alignment=&#8221;center&#8221; module_class=&#8221;read-more-white&#8221; _builder_version=&#8221;4.16&#8243; _module_preset=&#8221;default&#8221; global_colors_info=&#8221;{}&#8221;][\/et_pb_button][\/et_pb_column][\/et_pb_row][\/et_pb_section]\n","protected":false},"excerpt":{"rendered":"<p>Detta hj\u00e4lper jag dig med S\u00f6ker du en marknadsf\u00f6ringsbyr\u00e5? Har du en id\u00e9, ett m\u00e5l eller ett specifikt marknadsf\u00f6ringsbehov? Oavsett vad du beh\u00f6ver \u00e4r jag n\u00e5gon som t\u00e4nker brett och p\u00e5 detaljerna, lyssnar och utmanar. Ibland beh\u00f6vs en strategi, ibland n\u00e5gon som utf\u00f6r era planer. Oavsett var ni \u00e4r i er marknadsf\u00f6ringsresa hoppar jag enkelt [&hellip;]<\/p>\n","protected":false},"author":1,"featured_media":0,"parent":0,"menu_order":0,"comment_status":"closed","ping_status":"closed","template":"","meta":{"_et_pb_use_builder":"on","_et_pb_old_content":"","_et_gb_content_width":"","footnotes":""},"class_list":["post-25","page","type-page","status-publish","hentry"],"yoast_head":"<!-- This site is optimized with the Yoast SEO plugin v27.2 - https:\/\/yoast.com\/product\/yoast-seo-wordpress\/ -->\n<title>Marknadsf\u00f6ringsbyr\u00e5 | Full Story Media<\/title>\n<meta name=\"description\" content=\"S\u00f6ker du en marknadsf\u00f6ringsbyr\u00e5? Med min erfarenhet fr\u00e5n bl.a Netflix, Amazon, Malm\u00f6 stad hj\u00e4lper jag dig med dina marknadsf\u00f6ringsbehov.\" \/>\n<meta name=\"robots\" content=\"index, follow, max-snippet:-1, max-image-preview:large, max-video-preview:-1\" \/>\n<link rel=\"canonical\" href=\"https:\/\/www.fullstory-media.com\/marknadsforing\/tjanster\/\" \/>\n<meta property=\"og:locale\" content=\"sv_SE\" \/>\n<meta property=\"og:type\" content=\"article\" \/>\n<meta property=\"og:title\" content=\"Marknadsf\u00f6ringsbyr\u00e5 | Full Story Media\" \/>\n<meta property=\"og:description\" content=\"S\u00f6ker du en marknadsf\u00f6ringsbyr\u00e5? Med min erfarenhet fr\u00e5n bl.a Netflix, Amazon, Malm\u00f6 stad hj\u00e4lper jag dig med dina marknadsf\u00f6ringsbehov.\" \/>\n<meta property=\"og:url\" content=\"https:\/\/www.fullstory-media.com\/marknadsforing\/tjanster\/\" \/>\n<meta property=\"og:site_name\" content=\"Marknadsf\u00f6ring\" \/>\n<meta property=\"article:modified_time\" content=\"2025-03-06T11:28:48+00:00\" \/>\n<meta property=\"og:image\" content=\"https:\/\/www.fullstory-media.com\/marknadsforing\/wp-content\/uploads\/sites\/2\/2021\/10\/Screenshot-2021-10-01-at-13.56.51-1024x556.png\" \/>\n\t<meta property=\"og:image:width\" content=\"1024\" \/>\n\t<meta property=\"og:image:height\" content=\"556\" \/>\n\t<meta property=\"og:image:type\" content=\"image\/png\" \/>\n<meta name=\"twitter:card\" content=\"summary_large_image\" \/>\n<meta name=\"twitter:site\" content=\"@fullstorymedia\" \/>\n<meta name=\"twitter:label1\" content=\"Ber\u00e4knad l\u00e4stid\" \/>\n\t<meta name=\"twitter:data1\" content=\"3 minuter\" \/>\n<script type=\"application\/ld+json\" class=\"yoast-schema-graph\">{\"@context\":\"https:\/\/schema.org\",\"@graph\":[{\"@type\":\"WebPage\",\"@id\":\"https:\/\/www.fullstory-media.com\/marknadsforing\/tjanster\/\",\"url\":\"https:\/\/www.fullstory-media.com\/marknadsforing\/tjanster\/\",\"name\":\"Marknadsf\u00f6ringsbyr\u00e5 | Full Story Media\",\"isPartOf\":{\"@id\":\"https:\/\/www.fullstory-media.com\/marknadsforing\/#website\"},\"datePublished\":\"2021-04-16T13:26:55+00:00\",\"dateModified\":\"2025-03-06T11:28:48+00:00\",\"description\":\"S\u00f6ker du en marknadsf\u00f6ringsbyr\u00e5? Med min erfarenhet fr\u00e5n bl.a Netflix, Amazon, Malm\u00f6 stad hj\u00e4lper jag dig med dina marknadsf\u00f6ringsbehov.\",\"breadcrumb\":{\"@id\":\"https:\/\/www.fullstory-media.com\/marknadsforing\/tjanster\/#breadcrumb\"},\"inLanguage\":\"sv-SE\",\"potentialAction\":[{\"@type\":\"ReadAction\",\"target\":[\"https:\/\/www.fullstory-media.com\/marknadsforing\/tjanster\/\"]}]},{\"@type\":\"BreadcrumbList\",\"@id\":\"https:\/\/www.fullstory-media.com\/marknadsforing\/tjanster\/#breadcrumb\",\"itemListElement\":[{\"@type\":\"ListItem\",\"position\":1,\"name\":\"Home\",\"item\":\"https:\/\/www.fullstory-media.com\/marknadsforing\/\"},{\"@type\":\"ListItem\",\"position\":2,\"name\":\"Tj\u00e4nster\"}]},{\"@type\":\"WebSite\",\"@id\":\"https:\/\/www.fullstory-media.com\/marknadsforing\/#website\",\"url\":\"https:\/\/www.fullstory-media.com\/marknadsforing\/\",\"name\":\"Marknadsf\u00f6ring\",\"description\":\"\u00c4nnu en webbplats hos Full Story Media-webbplatser\",\"publisher\":{\"@id\":\"https:\/\/www.fullstory-media.com\/marknadsforing\/#organization\"},\"potentialAction\":[{\"@type\":\"SearchAction\",\"target\":{\"@type\":\"EntryPoint\",\"urlTemplate\":\"https:\/\/www.fullstory-media.com\/marknadsforing\/?s={search_term_string}\"},\"query-input\":{\"@type\":\"PropertyValueSpecification\",\"valueRequired\":true,\"valueName\":\"search_term_string\"}}],\"inLanguage\":\"sv-SE\"},{\"@type\":\"Organization\",\"@id\":\"https:\/\/www.fullstory-media.com\/marknadsforing\/#organization\",\"name\":\"Full Story Media\",\"url\":\"https:\/\/www.fullstory-media.com\/marknadsforing\/\",\"logo\":{\"@type\":\"ImageObject\",\"inLanguage\":\"sv-SE\",\"@id\":\"https:\/\/www.fullstory-media.com\/marknadsforing\/#\/schema\/logo\/image\/\",\"url\":\"https:\/\/www.fullstory-media.com\/marknadsforing\/wp-content\/uploads\/sites\/2\/2021\/10\/Logga.png\",\"contentUrl\":\"https:\/\/www.fullstory-media.com\/marknadsforing\/wp-content\/uploads\/sites\/2\/2021\/10\/Logga.png\",\"width\":721,\"height\":211,\"caption\":\"Full Story Media\"},\"image\":{\"@id\":\"https:\/\/www.fullstory-media.com\/marknadsforing\/#\/schema\/logo\/image\/\"},\"sameAs\":[\"https:\/\/x.com\/fullstorymedia\",\"https:\/\/www.instagram.com\/annamaria_magnusson\/\",\"https:\/\/www.linkedin.com\/in\/annamariamagnusson\/\"]}]}<\/script>\n<!-- \/ Yoast SEO plugin. -->","yoast_head_json":{"title":"Marknadsf\u00f6ringsbyr\u00e5 | Full Story Media","description":"S\u00f6ker du en marknadsf\u00f6ringsbyr\u00e5? Med min erfarenhet fr\u00e5n bl.a Netflix, Amazon, Malm\u00f6 stad hj\u00e4lper jag dig med dina marknadsf\u00f6ringsbehov.","robots":{"index":"index","follow":"follow","max-snippet":"max-snippet:-1","max-image-preview":"max-image-preview:large","max-video-preview":"max-video-preview:-1"},"canonical":"https:\/\/www.fullstory-media.com\/marknadsforing\/tjanster\/","og_locale":"sv_SE","og_type":"article","og_title":"Marknadsf\u00f6ringsbyr\u00e5 | Full Story Media","og_description":"S\u00f6ker du en marknadsf\u00f6ringsbyr\u00e5? Med min erfarenhet fr\u00e5n bl.a Netflix, Amazon, Malm\u00f6 stad hj\u00e4lper jag dig med dina marknadsf\u00f6ringsbehov.","og_url":"https:\/\/www.fullstory-media.com\/marknadsforing\/tjanster\/","og_site_name":"Marknadsf\u00f6ring","article_modified_time":"2025-03-06T11:28:48+00:00","og_image":[{"width":1024,"height":556,"url":"https:\/\/www.fullstory-media.com\/marknadsforing\/wp-content\/uploads\/sites\/2\/2021\/10\/Screenshot-2021-10-01-at-13.56.51-1024x556.png","type":"image\/png"}],"twitter_card":"summary_large_image","twitter_site":"@fullstorymedia","twitter_misc":{"Ber\u00e4knad l\u00e4stid":"3 minuter"},"schema":{"@context":"https:\/\/schema.org","@graph":[{"@type":"WebPage","@id":"https:\/\/www.fullstory-media.com\/marknadsforing\/tjanster\/","url":"https:\/\/www.fullstory-media.com\/marknadsforing\/tjanster\/","name":"Marknadsf\u00f6ringsbyr\u00e5 | Full Story Media","isPartOf":{"@id":"https:\/\/www.fullstory-media.com\/marknadsforing\/#website"},"datePublished":"2021-04-16T13:26:55+00:00","dateModified":"2025-03-06T11:28:48+00:00","description":"S\u00f6ker du en marknadsf\u00f6ringsbyr\u00e5? Med min erfarenhet fr\u00e5n bl.a Netflix, Amazon, Malm\u00f6 stad hj\u00e4lper jag dig med dina marknadsf\u00f6ringsbehov.","breadcrumb":{"@id":"https:\/\/www.fullstory-media.com\/marknadsforing\/tjanster\/#breadcrumb"},"inLanguage":"sv-SE","potentialAction":[{"@type":"ReadAction","target":["https:\/\/www.fullstory-media.com\/marknadsforing\/tjanster\/"]}]},{"@type":"BreadcrumbList","@id":"https:\/\/www.fullstory-media.com\/marknadsforing\/tjanster\/#breadcrumb","itemListElement":[{"@type":"ListItem","position":1,"name":"Home","item":"https:\/\/www.fullstory-media.com\/marknadsforing\/"},{"@type":"ListItem","position":2,"name":"Tj\u00e4nster"}]},{"@type":"WebSite","@id":"https:\/\/www.fullstory-media.com\/marknadsforing\/#website","url":"https:\/\/www.fullstory-media.com\/marknadsforing\/","name":"Marknadsf\u00f6ring","description":"\u00c4nnu en webbplats hos Full Story Media-webbplatser","publisher":{"@id":"https:\/\/www.fullstory-media.com\/marknadsforing\/#organization"},"potentialAction":[{"@type":"SearchAction","target":{"@type":"EntryPoint","urlTemplate":"https:\/\/www.fullstory-media.com\/marknadsforing\/?s={search_term_string}"},"query-input":{"@type":"PropertyValueSpecification","valueRequired":true,"valueName":"search_term_string"}}],"inLanguage":"sv-SE"},{"@type":"Organization","@id":"https:\/\/www.fullstory-media.com\/marknadsforing\/#organization","name":"Full Story Media","url":"https:\/\/www.fullstory-media.com\/marknadsforing\/","logo":{"@type":"ImageObject","inLanguage":"sv-SE","@id":"https:\/\/www.fullstory-media.com\/marknadsforing\/#\/schema\/logo\/image\/","url":"https:\/\/www.fullstory-media.com\/marknadsforing\/wp-content\/uploads\/sites\/2\/2021\/10\/Logga.png","contentUrl":"https:\/\/www.fullstory-media.com\/marknadsforing\/wp-content\/uploads\/sites\/2\/2021\/10\/Logga.png","width":721,"height":211,"caption":"Full Story Media"},"image":{"@id":"https:\/\/www.fullstory-media.com\/marknadsforing\/#\/schema\/logo\/image\/"},"sameAs":["https:\/\/x.com\/fullstorymedia","https:\/\/www.instagram.com\/annamaria_magnusson\/","https:\/\/www.linkedin.com\/in\/annamariamagnusson\/"]}]}},"_links":{"self":[{"href":"https:\/\/www.fullstory-media.com\/marknadsforing\/wp-json\/wp\/v2\/pages\/25","targetHints":{"allow":["GET"]}}],"collection":[{"href":"https:\/\/www.fullstory-media.com\/marknadsforing\/wp-json\/wp\/v2\/pages"}],"about":[{"href":"https:\/\/www.fullstory-media.com\/marknadsforing\/wp-json\/wp\/v2\/types\/page"}],"author":[{"embeddable":true,"href":"https:\/\/www.fullstory-media.com\/marknadsforing\/wp-json\/wp\/v2\/users\/1"}],"replies":[{"embeddable":true,"href":"https:\/\/www.fullstory-media.com\/marknadsforing\/wp-json\/wp\/v2\/comments?post=25"}],"version-history":[{"count":48,"href":"https:\/\/www.fullstory-media.com\/marknadsforing\/wp-json\/wp\/v2\/pages\/25\/revisions"}],"predecessor-version":[{"id":2097,"href":"https:\/\/www.fullstory-media.com\/marknadsforing\/wp-json\/wp\/v2\/pages\/25\/revisions\/2097"}],"wp:attachment":[{"href":"https:\/\/www.fullstory-media.com\/marknadsforing\/wp-json\/wp\/v2\/media?parent=25"}],"curies":[{"name":"wp","href":"https:\/\/api.w.org\/{rel}","templated":true}]}}