{"id":28,"date":"2021-04-16T15:34:55","date_gmt":"2021-04-16T13:34:55","guid":{"rendered":"https:\/\/www.fullstory-media.com\/journalistik\/?page_id=28"},"modified":"2023-11-10T13:36:47","modified_gmt":"2023-11-10T12:36:47","slug":"kontakt","status":"publish","type":"page","link":"https:\/\/www.fullstory-media.com\/journalistik\/kontakt\/","title":{"rendered":"Kontakt"},"content":{"rendered":"[et_pb_section fb_built=&#8221;1&#8243; admin_label=&#8221;Puffar&#8221; module_class=&#8221;home-blurbs&#8221; _builder_version=&#8221;4.16&#8243; _module_preset=&#8221;default&#8221; locked=&#8221;off&#8221; global_colors_info=&#8221;{}&#8221;][et_pb_row column_structure=&#8221;1_2,1_2&#8243; make_equal=&#8221;on&#8221; _builder_version=&#8221;4.16&#8243; _module_preset=&#8221;default&#8221; global_colors_info=&#8221;{}&#8221;][et_pb_column type=&#8221;1_2&#8243; module_class=&#8221;vertical-flex&#8221; _builder_version=&#8221;4.16&#8243; _module_preset=&#8221;default&#8221; global_colors_info=&#8221;{}&#8221;][et_pb_text _builder_version=&#8221;4.16&#8243; _module_preset=&#8221;default&#8221; text_orientation=&#8221;center&#8221; global_colors_info=&#8221;{}&#8221;]\n<h2>Kontakt Full Story Media<\/h2>\n<p><a class=\"contact-email\" href=\"mailto:anna@fullstory-media.com\">anna@fullstory-media.com<\/a><\/p>\n<p><a class=\"contact-phone\" href=\"tel:+46793377840\">+46 (0)793 377 840<\/a><\/p>\n<p><a class=\"contact-whatsapp\" href=\"https:\/\/wa.me\/46793377840\">+46 (0)793 377 840<\/a><\/p>\n[\/et_pb_text][et_pb_social_media_follow _builder_version=&#8221;4.23&#8243; _module_preset=&#8221;default&#8221; text_orientation=&#8221;center&#8221; hover_enabled=&#8221;0&#8243; global_colors_info=&#8221;{}&#8221; sticky_enabled=&#8221;0&#8243;][et_pb_social_media_follow_network social_network=&#8221;instagram&#8221; url=&#8221;https:\/\/www.instagram.com\/fullstory_media&#8221; icon_color=&#8221;#000000&#8243; _builder_version=&#8221;4.18.0&#8243; _module_preset=&#8221;default&#8221; global_colors_info=&#8221;{}&#8221; follow_button=&#8221;off&#8221; url_new_window=&#8221;on&#8221;]instagram[\/et_pb_social_media_follow_network][et_pb_social_media_follow_network social_network=&#8221;linkedin&#8221; url=&#8221;https:\/\/www.linkedin.com\/in\/annamariamagnusson\/&#8221; icon_color=&#8221;#000000&#8243; _builder_version=&#8221;4.16&#8243; _module_preset=&#8221;default&#8221; global_colors_info=&#8221;{}&#8221; follow_button=&#8221;off&#8221; url_new_window=&#8221;on&#8221;]linkedin[\/et_pb_social_media_follow_network][\/et_pb_social_media_follow][\/et_pb_column][et_pb_column type=&#8221;1_2&#8243; module_class=&#8221;vertical-flex&#8221; _builder_version=&#8221;4.16&#8243; _module_preset=&#8221;default&#8221; global_colors_info=&#8221;{}&#8221;][et_pb_image src=&#8221;https:\/\/www.fullstory-media.com\/journalistik\/wp-content\/uploads\/sites\/3\/2021\/05\/om-mig-puff.jpg&#8221; alt=&#8221;Kontakt Full Story media&#8221; title_text=&#8221;om-mig-puff&#8221; _builder_version=&#8221;4.16&#8243; _module_preset=&#8221;default&#8221; global_colors_info=&#8221;{}&#8221;][\/et_pb_image][\/et_pb_column][\/et_pb_row][\/et_pb_section][et_pb_section fb_built=&#8221;1&#8243; admin_label=&#8221;CTA&#8221; _builder_version=&#8221;4.16&#8243; _module_preset=&#8221;default&#8221; use_background_color_gradient=&#8221;on&#8221; background_color_gradient_stops=&#8221;rgba(0,0,0,0.92) 0%|rgba(0,0,0,0.92) 100%&#8221; background_color_gradient_overlays_image=&#8221;on&#8221; background_color_gradient_start=&#8221;rgba(0,0,0,0.92)&#8221; background_color_gradient_end=&#8221;rgba(0,0,0,0.92)&#8221; background_enable_image=&#8221;off&#8221; background_video_mp4=&#8221;https:\/\/www.fullstory-media.com\/marknadsforing\/wp-content\/uploads\/sites\/2\/2021\/05\/road-720-fast.mp4&#8243; global_colors_info=&#8221;{}&#8221;][et_pb_row _builder_version=&#8221;4.16&#8243; _module_preset=&#8221;default&#8221; max_width=&#8221;600px&#8221; max_width_tablet=&#8221;480px&#8221; max_width_phone=&#8221;92%&#8221; max_width_last_edited=&#8221;on|phone&#8221; module_alignment=&#8221;center&#8221; global_colors_info=&#8221;{}&#8221;][et_pb_column type=&#8221;4_4&#8243; _builder_version=&#8221;4.16&#8243; _module_preset=&#8221;default&#8221; global_colors_info=&#8221;{}&#8221;][et_pb_text _builder_version=&#8221;4.16&#8243; _module_preset=&#8221;default&#8221; text_orientation=&#8221;center&#8221; background_layout=&#8221;dark&#8221; global_colors_info=&#8221;{}&#8221;]\n<h3>Kontakta mig<\/h3>\n<p>Ibland \u00e4r det br\u00e5ttom och ibland m\u00e5ste du planera fram\u00e5t.<br \/>Oavsett situation &#8211; h\u00f6r av dig.<\/p>\n[\/et_pb_text][\/et_pb_column][\/et_pb_row][\/et_pb_section]\n","protected":false},"excerpt":{"rendered":"<p>Kontakt Full Story Media anna@fullstory-media.com +46 (0)793 377 840 +46 (0)793 377 840Kontakta mig Ibland \u00e4r det br\u00e5ttom och ibland m\u00e5ste du planera fram\u00e5t.Oavsett situation &#8211; h\u00f6r av dig.<\/p>\n","protected":false},"author":1,"featured_media":0,"parent":0,"menu_order":0,"comment_status":"closed","ping_status":"closed","template":"","meta":{"_et_pb_use_builder":"on","_et_pb_old_content":"","_et_gb_content_width":"","footnotes":""},"class_list":["post-28","page","type-page","status-publish","hentry"],"yoast_head":"<!-- This site is optimized with the Yoast SEO plugin v27.5 - https:\/\/yoast.com\/product\/yoast-seo-wordpress\/ -->\n<title>Kontakt journalistuppdrag | Full Story Media<\/title>\n<meta name=\"description\" content=\"Kontakt med Full Story Media. Beh\u00f6ver du en sj\u00e4lvg\u00e5ende, effektiv journalist som levererar i tid? Kunder \u00e4r Washington Post och Al Jazeera.\" \/>\n<meta name=\"robots\" content=\"index, follow, max-snippet:-1, max-image-preview:large, max-video-preview:-1\" \/>\n<link rel=\"canonical\" href=\"https:\/\/www.fullstory-media.com\/journalistik\/kontakt\/\" \/>\n<meta property=\"og:locale\" content=\"sv_SE\" \/>\n<meta property=\"og:type\" content=\"article\" \/>\n<meta property=\"og:title\" content=\"Kontakt journalistuppdrag | Full Story Media\" \/>\n<meta property=\"og:description\" content=\"Kontakt med Full Story Media. Beh\u00f6ver du en sj\u00e4lvg\u00e5ende, effektiv journalist som levererar i tid? Kunder \u00e4r Washington Post och Al Jazeera.\" \/>\n<meta property=\"og:url\" content=\"https:\/\/www.fullstory-media.com\/journalistik\/kontakt\/\" \/>\n<meta property=\"og:site_name\" content=\"Journalistik\" \/>\n<meta property=\"article:modified_time\" content=\"2023-11-10T12:36:47+00:00\" \/>\n<meta name=\"twitter:card\" content=\"summary_large_image\" \/>\n<meta name=\"twitter:label1\" content=\"Ber\u00e4knad l\u00e4stid\" \/>\n\t<meta name=\"twitter:data1\" content=\"1 minut\" \/>\n<script type=\"application\/ld+json\" class=\"yoast-schema-graph\">{\"@context\":\"https:\\\/\\\/schema.org\",\"@graph\":[{\"@type\":\"WebPage\",\"@id\":\"https:\\\/\\\/www.fullstory-media.com\\\/journalistik\\\/kontakt\\\/\",\"url\":\"https:\\\/\\\/www.fullstory-media.com\\\/journalistik\\\/kontakt\\\/\",\"name\":\"Kontakt journalistuppdrag | Full Story Media\",\"isPartOf\":{\"@id\":\"https:\\\/\\\/www.fullstory-media.com\\\/journalistik\\\/#website\"},\"datePublished\":\"2021-04-16T13:34:55+00:00\",\"dateModified\":\"2023-11-10T12:36:47+00:00\",\"description\":\"Kontakt med Full Story Media. Beh\u00f6ver du en sj\u00e4lvg\u00e5ende, effektiv journalist som levererar i tid? Kunder \u00e4r Washington Post och Al Jazeera.\",\"breadcrumb\":{\"@id\":\"https:\\\/\\\/www.fullstory-media.com\\\/journalistik\\\/kontakt\\\/#breadcrumb\"},\"inLanguage\":\"sv-SE\",\"potentialAction\":[{\"@type\":\"ReadAction\",\"target\":[\"https:\\\/\\\/www.fullstory-media.com\\\/journalistik\\\/kontakt\\\/\"]}]},{\"@type\":\"BreadcrumbList\",\"@id\":\"https:\\\/\\\/www.fullstory-media.com\\\/journalistik\\\/kontakt\\\/#breadcrumb\",\"itemListElement\":[{\"@type\":\"ListItem\",\"position\":1,\"name\":\"Home\",\"item\":\"https:\\\/\\\/www.fullstory-media.com\\\/journalistik\\\/\"},{\"@type\":\"ListItem\",\"position\":2,\"name\":\"Kontakt\"}]},{\"@type\":\"WebSite\",\"@id\":\"https:\\\/\\\/www.fullstory-media.com\\\/journalistik\\\/#website\",\"url\":\"https:\\\/\\\/www.fullstory-media.com\\\/journalistik\\\/\",\"name\":\"Journalistik\",\"description\":\"\u00c4nnu en webbplats hos Full Story Media-webbplatser\",\"potentialAction\":[{\"@type\":\"SearchAction\",\"target\":{\"@type\":\"EntryPoint\",\"urlTemplate\":\"https:\\\/\\\/www.fullstory-media.com\\\/journalistik\\\/?s={search_term_string}\"},\"query-input\":{\"@type\":\"PropertyValueSpecification\",\"valueRequired\":true,\"valueName\":\"search_term_string\"}}],\"inLanguage\":\"sv-SE\"}]}<\/script>\n<!-- \/ Yoast SEO plugin. -->","yoast_head_json":{"title":"Kontakt journalistuppdrag | Full Story Media","description":"Kontakt med Full Story Media. Beh\u00f6ver du en sj\u00e4lvg\u00e5ende, effektiv journalist som levererar i tid? Kunder \u00e4r Washington Post och Al Jazeera.","robots":{"index":"index","follow":"follow","max-snippet":"max-snippet:-1","max-image-preview":"max-image-preview:large","max-video-preview":"max-video-preview:-1"},"canonical":"https:\/\/www.fullstory-media.com\/journalistik\/kontakt\/","og_locale":"sv_SE","og_type":"article","og_title":"Kontakt journalistuppdrag | Full Story Media","og_description":"Kontakt med Full Story Media. Beh\u00f6ver du en sj\u00e4lvg\u00e5ende, effektiv journalist som levererar i tid? Kunder \u00e4r Washington Post och Al Jazeera.","og_url":"https:\/\/www.fullstory-media.com\/journalistik\/kontakt\/","og_site_name":"Journalistik","article_modified_time":"2023-11-10T12:36:47+00:00","twitter_card":"summary_large_image","twitter_misc":{"Ber\u00e4knad l\u00e4stid":"1 minut"},"schema":{"@context":"https:\/\/schema.org","@graph":[{"@type":"WebPage","@id":"https:\/\/www.fullstory-media.com\/journalistik\/kontakt\/","url":"https:\/\/www.fullstory-media.com\/journalistik\/kontakt\/","name":"Kontakt journalistuppdrag | Full Story Media","isPartOf":{"@id":"https:\/\/www.fullstory-media.com\/journalistik\/#website"},"datePublished":"2021-04-16T13:34:55+00:00","dateModified":"2023-11-10T12:36:47+00:00","description":"Kontakt med Full Story Media. Beh\u00f6ver du en sj\u00e4lvg\u00e5ende, effektiv journalist som levererar i tid? Kunder \u00e4r Washington Post och Al Jazeera.","breadcrumb":{"@id":"https:\/\/www.fullstory-media.com\/journalistik\/kontakt\/#breadcrumb"},"inLanguage":"sv-SE","potentialAction":[{"@type":"ReadAction","target":["https:\/\/www.fullstory-media.com\/journalistik\/kontakt\/"]}]},{"@type":"BreadcrumbList","@id":"https:\/\/www.fullstory-media.com\/journalistik\/kontakt\/#breadcrumb","itemListElement":[{"@type":"ListItem","position":1,"name":"Home","item":"https:\/\/www.fullstory-media.com\/journalistik\/"},{"@type":"ListItem","position":2,"name":"Kontakt"}]},{"@type":"WebSite","@id":"https:\/\/www.fullstory-media.com\/journalistik\/#website","url":"https:\/\/www.fullstory-media.com\/journalistik\/","name":"Journalistik","description":"\u00c4nnu en webbplats hos Full Story Media-webbplatser","potentialAction":[{"@type":"SearchAction","target":{"@type":"EntryPoint","urlTemplate":"https:\/\/www.fullstory-media.com\/journalistik\/?s={search_term_string}"},"query-input":{"@type":"PropertyValueSpecification","valueRequired":true,"valueName":"search_term_string"}}],"inLanguage":"sv-SE"}]}},"_links":{"self":[{"href":"https:\/\/www.fullstory-media.com\/journalistik\/wp-json\/wp\/v2\/pages\/28","targetHints":{"allow":["GET"]}}],"collection":[{"href":"https:\/\/www.fullstory-media.com\/journalistik\/wp-json\/wp\/v2\/pages"}],"about":[{"href":"https:\/\/www.fullstory-media.com\/journalistik\/wp-json\/wp\/v2\/types\/page"}],"author":[{"embeddable":true,"href":"https:\/\/www.fullstory-media.com\/journalistik\/wp-json\/wp\/v2\/users\/1"}],"replies":[{"embeddable":true,"href":"https:\/\/www.fullstory-media.com\/journalistik\/wp-json\/wp\/v2\/comments?post=28"}],"version-history":[{"count":9,"href":"https:\/\/www.fullstory-media.com\/journalistik\/wp-json\/wp\/v2\/pages\/28\/revisions"}],"predecessor-version":[{"id":1041,"href":"https:\/\/www.fullstory-media.com\/journalistik\/wp-json\/wp\/v2\/pages\/28\/revisions\/1041"}],"wp:attachment":[{"href":"https:\/\/www.fullstory-media.com\/journalistik\/wp-json\/wp\/v2\/media?parent=28"}],"curies":[{"name":"wp","href":"https:\/\/api.w.org\/{rel}","templated":true}]}}